{"id":16,"date":"2025-01-06T14:16:31","date_gmt":"2025-01-06T14:16:31","guid":{"rendered":"https:\/\/biosferagt.org\/?page_id=16"},"modified":"2025-01-07T03:48:25","modified_gmt":"2025-01-07T03:48:25","slug":"inicio","status":"publish","type":"page","link":"https:\/\/biosferagt.org\/en\/","title":{"rendered":"INICIO"},"content":{"rendered":"<div class=\"wp-block-columns alignfull is-layout-flex wp-container-core-columns-is-layout-3 wp-block-columns-is-layout-flex\">\n<div class=\"wp-block-column has-black-background-color has-background is-layout-flow wp-block-column-is-layout-flow\">\n<div class=\"wp-block-columns is-layout-flex wp-container-core-columns-is-layout-2 wp-block-columns-is-layout-flex\">\n<div class=\"wp-block-column is-layout-flow wp-block-column-is-layout-flow\" style=\"flex-basis:10%\"><\/div>\n\n\n\n<div class=\"wp-block-column is-layout-flow wp-block-column-is-layout-flow\" style=\"flex-basis:80%\">\n<div class=\"wp-block-columns is-layout-flex wp-container-core-columns-is-layout-1 wp-block-columns-is-layout-flex\">\n<div class=\"wp-block-column is-layout-flow wp-block-column-is-layout-flow\">\n<h1 class=\"wp-block-heading has-white-color has-text-color has-link-color wp-elements-eeae59e70dc7ea2a755c91e02e373141\">Somos una organizaci\u00f3n interdisciplinaria que trabaja en investigaci\u00f3n y promueve proyectos en las comunidades. Trabajamos en asociaci\u00f3n con otras entidades que comparten los fines de mejorar la conservaci\u00f3n y desarrollo sostenible.<\/h1>\n<\/div>\n\n\n\n<div class=\"wp-block-column is-vertically-aligned-center is-layout-flow wp-block-column-is-layout-flow\">\n<figure class=\"wp-block-embed is-type-video is-provider-youtube wp-block-embed-youtube wp-embed-aspect-16-9 wp-has-aspect-ratio\"><div class=\"wp-block-embed__wrapper\">\n<iframe loading=\"lazy\" title=\"BiosferaGT: Transformando el futuro del planeta, una libra a la vez\" width=\"1140\" height=\"641\" src=\"https:\/\/www.youtube.com\/embed\/8jPobulHzko?feature=oembed\" frameborder=\"0\" allow=\"accelerometer; autoplay; clipboard-write; encrypted-media; gyroscope; picture-in-picture; web-share\" referrerpolicy=\"strict-origin-when-cross-origin\" allowfullscreen><\/iframe>\n<\/div><\/figure>\n<\/div>\n<\/div>\n<\/div>\n\n\n\n<div class=\"wp-block-column is-layout-flow wp-block-column-is-layout-flow\" style=\"flex-basis:10%\"><\/div>\n<\/div>\n<\/div>\n<\/div>\n\n\n\n<p><\/p>","protected":false},"excerpt":{"rendered":"<p>Somos una organizaci\u00f3n interdisciplinaria que trabaja en investigaci\u00f3n y promueve proyectos en las comunidades. Trabajamos en asociaci\u00f3n con otras entidades que comparten los fines de mejorar la conservaci\u00f3n y desarrollo sostenible.<\/p>","protected":false},"author":2,"featured_media":0,"parent":0,"menu_order":0,"comment_status":"closed","ping_status":"closed","template":"","meta":{"footnotes":""},"class_list":["post-16","page","type-page","status-publish","czr-hentry"],"_links":{"self":[{"href":"https:\/\/biosferagt.org\/en\/wp-json\/wp\/v2\/pages\/16","targetHints":{"allow":["GET"]}}],"collection":[{"href":"https:\/\/biosferagt.org\/en\/wp-json\/wp\/v2\/pages"}],"about":[{"href":"https:\/\/biosferagt.org\/en\/wp-json\/wp\/v2\/types\/page"}],"author":[{"embeddable":true,"href":"https:\/\/biosferagt.org\/en\/wp-json\/wp\/v2\/users\/2"}],"replies":[{"embeddable":true,"href":"https:\/\/biosferagt.org\/en\/wp-json\/wp\/v2\/comments?post=16"}],"version-history":[{"count":14,"href":"https:\/\/biosferagt.org\/en\/wp-json\/wp\/v2\/pages\/16\/revisions"}],"predecessor-version":[{"id":62,"href":"https:\/\/biosferagt.org\/en\/wp-json\/wp\/v2\/pages\/16\/revisions\/62"}],"wp:attachment":[{"href":"https:\/\/biosferagt.org\/en\/wp-json\/wp\/v2\/media?parent=16"}],"curies":[{"name":"wp","href":"https:\/\/api.w.org\/{rel}","templated":true}]}}