{"id":18,"date":"2025-01-06T14:19:03","date_gmt":"2025-01-06T14:19:03","guid":{"rendered":"https:\/\/biosferagt.org\/?page_id=18"},"modified":"2026-03-31T16:51:07","modified_gmt":"2026-03-31T16:51:07","slug":"lineas-de-trabajo","status":"publish","type":"page","link":"https:\/\/biosferagt.org\/en\/lineas-de-trabajo\/","title":{"rendered":"L\u00cdNEAS DE TRABAJO"},"content":{"rendered":"<div class=\"wp-block-columns alignwide is-layout-flex wp-container-core-columns-is-layout-9d6595d7 wp-block-columns-is-layout-flex\">\n<div class=\"wp-block-column has-background is-layout-flow wp-block-column-is-layout-flow\" style=\"background-color:#e9e9e9\">\n<div style=\"height:100px\" aria-hidden=\"true\" class=\"wp-block-spacer\"><\/div>\n\n\n\n<div class=\"wp-block-columns is-layout-flex wp-container-core-columns-is-layout-9d6595d7 wp-block-columns-is-layout-flex\">\n<div class=\"wp-block-column is-vertically-aligned-center is-layout-flow wp-block-column-is-layout-flow\" style=\"flex-basis:33.33%\"><div class=\"wp-block-image\">\n<figure class=\"aligncenter size-full\"><img loading=\"lazy\" decoding=\"async\" width=\"125\" height=\"125\" src=\"https:\/\/biosferagt.org\/wp-content\/uploads\/2025\/01\/Recurso-12elementoshjDGF_2024.png\" alt=\"\" class=\"wp-image-89\" srcset=\"https:\/\/biosferagt.org\/wp-content\/uploads\/2025\/01\/Recurso-12elementoshjDGF_2024.png 125w, https:\/\/biosferagt.org\/wp-content\/uploads\/2025\/01\/Recurso-12elementoshjDGF_2024-12x12.png 12w\" sizes=\"auto, (max-width: 125px) 100vw, 125px\" \/><\/figure>\n<\/div><\/div>\n\n\n\n<div class=\"wp-block-column is-vertically-aligned-center is-layout-flow wp-block-column-is-layout-flow\" style=\"flex-basis:55%\">\n<h2 class=\"wp-block-heading\">Investigaci\u00f3n b\u00e1sica y aplicada<\/h2>\n\n\n\n<p class=\"has-text-color has-link-color has-medium-font-size wp-elements-c67fc323181fe37fe78f36b40dc42b1e\" style=\"color:#707070\">Realizamos investigaciones b\u00e1sicas y aplicadas en temas ambientales, biodiversidad, salud, seguridad alimentaria y en \u00e1reas socio-culturales. Somos un equipo que prioriza la acci\u00f3n y el desarrollo de proyectos de la mano de las comunidades.<\/p>\n<\/div>\n<\/div>\n<\/div>\n<\/div>\n\n\n\n<div class=\"wp-block-columns alignwide is-layout-flex wp-container-core-columns-is-layout-9d6595d7 wp-block-columns-is-layout-flex\">\n<div class=\"wp-block-column has-white-background-color has-background is-layout-flow wp-block-column-is-layout-flow\">\n<div class=\"wp-block-columns is-layout-flex wp-container-core-columns-is-layout-9d6595d7 wp-block-columns-is-layout-flex\">\n<div class=\"wp-block-column is-vertically-aligned-center is-layout-flow wp-block-column-is-layout-flow\" style=\"flex-basis:33.33%\"><div class=\"wp-block-image\">\n<figure class=\"aligncenter size-full\"><img loading=\"lazy\" decoding=\"async\" width=\"117\" height=\"125\" src=\"https:\/\/biosferagt.org\/wp-content\/uploads\/2025\/01\/Recurso-11elementoshjDGF_2024.png\" alt=\"\" class=\"wp-image-95\" srcset=\"https:\/\/biosferagt.org\/wp-content\/uploads\/2025\/01\/Recurso-11elementoshjDGF_2024.png 117w, https:\/\/biosferagt.org\/wp-content\/uploads\/2025\/01\/Recurso-11elementoshjDGF_2024-11x12.png 11w\" sizes=\"auto, (max-width: 117px) 100vw, 117px\" \/><\/figure>\n<\/div><\/div>\n\n\n\n<div class=\"wp-block-column is-vertically-aligned-center is-layout-flow wp-block-column-is-layout-flow\" style=\"flex-basis:55%\">\n<h2 class=\"wp-block-heading\">Proyectos agropecuarios y zoonosis<\/h2>\n\n\n\n<p class=\"has-black-color has-text-color has-link-color has-medium-font-size wp-elements-d4fc647c7034664363001671452da4bf\">Con base en el enfoque de Una Sola Salud, buscamos abordar la soluci\u00f3n de los problemas ambientales realizando paralelamente estudios y proyectos de salud animal, prevenci\u00f3n, control y reducci\u00f3n de zoonosis en vida silvestre y animales dom\u00e9sticos. Actualmente trabajamos y educamos a las comunidades sobre la elaboraci\u00f3n de abonos org\u00e1nicos y la valorizaci\u00f3n de los residuos org\u00e1nicos domiciliarios.<\/p>\n<\/div>\n<\/div>\n<\/div>\n<\/div>\n\n\n\n<div class=\"wp-block-columns alignwide is-layout-flex wp-container-core-columns-is-layout-9d6595d7 wp-block-columns-is-layout-flex\">\n<div class=\"wp-block-column has-background is-layout-flow wp-block-column-is-layout-flow\" style=\"background-color:#e9e9e9\">\n<div class=\"wp-block-columns is-layout-flex wp-container-core-columns-is-layout-9d6595d7 wp-block-columns-is-layout-flex\">\n<div class=\"wp-block-column is-vertically-aligned-center is-layout-flow wp-block-column-is-layout-flow\" style=\"flex-basis:33.33%\"><div class=\"wp-block-image\">\n<figure class=\"aligncenter size-full\"><img loading=\"lazy\" decoding=\"async\" width=\"125\" height=\"126\" src=\"https:\/\/biosferagt.org\/wp-content\/uploads\/2025\/01\/Recurso-10elementoshjDGF_2024.png\" alt=\"\" class=\"wp-image-94\" srcset=\"https:\/\/biosferagt.org\/wp-content\/uploads\/2025\/01\/Recurso-10elementoshjDGF_2024.png 125w, https:\/\/biosferagt.org\/wp-content\/uploads\/2025\/01\/Recurso-10elementoshjDGF_2024-12x12.png 12w\" sizes=\"auto, (max-width: 125px) 100vw, 125px\" \/><\/figure>\n<\/div><\/div>\n\n\n\n<div class=\"wp-block-column is-vertically-aligned-center is-layout-flow wp-block-column-is-layout-flow\" style=\"flex-basis:55%\">\n<h2 class=\"wp-block-heading\">Contaminaci\u00f3n ambiental<\/h2>\n\n\n\n<p class=\"has-text-color has-link-color has-medium-font-size wp-elements-54631e076d60bfc4bfe7a32e779890fe\" style=\"color:#707070\">Trabajamos en al menos 25 municipios de Guatemala en proyectos de gesti\u00f3n de residuos y desechos s\u00f3lidos domiciliares, apoyando a las municipalidades locales para el manejo de los residuos pl\u00e1sticos, el manejo de vertederos y la valorizaci\u00f3n de los residuos s\u00f3lidos. Apoyamos a las municipalidades en sus estudios de caracterizaci\u00f3n de residuos y desechos s\u00f3lidos domiciliares.<\/p>\n\n\n\n<p class=\"has-text-color has-link-color has-medium-font-size wp-elements-3e43a8b80d05675bff60fe2a3edb1d5c\" style=\"color:#707070\">Realizamos campa\u00f1as de limpieza de desechos en comunidades en aldeas de todo el pa\u00eds y apoyamos las iniciativas de grupos de mujeres para el saneamiento de sus comunidades y la creaci\u00f3n de emprendimientos verdes.<\/p>\n<\/div>\n<\/div>\n<\/div>\n<\/div>\n\n\n\n<div class=\"wp-block-columns alignwide is-layout-flex wp-container-core-columns-is-layout-9d6595d7 wp-block-columns-is-layout-flex\">\n<div class=\"wp-block-column has-white-background-color has-background is-layout-flow wp-block-column-is-layout-flow\">\n<div class=\"wp-block-columns is-layout-flex wp-container-core-columns-is-layout-9d6595d7 wp-block-columns-is-layout-flex\">\n<div class=\"wp-block-column is-vertically-aligned-center is-layout-flow wp-block-column-is-layout-flow\" style=\"flex-basis:33.33%\"><div class=\"wp-block-image\">\n<figure class=\"aligncenter size-full\"><img loading=\"lazy\" decoding=\"async\" width=\"137\" height=\"125\" src=\"https:\/\/biosferagt.org\/wp-content\/uploads\/2025\/01\/Recurso-9elementoshjDGF_2024.png\" alt=\"\" class=\"wp-image-93\" srcset=\"https:\/\/biosferagt.org\/wp-content\/uploads\/2025\/01\/Recurso-9elementoshjDGF_2024.png 137w, https:\/\/biosferagt.org\/wp-content\/uploads\/2025\/01\/Recurso-9elementoshjDGF_2024-13x12.png 13w\" sizes=\"auto, (max-width: 137px) 100vw, 137px\" \/><\/figure>\n<\/div><\/div>\n\n\n\n<div class=\"wp-block-column is-vertically-aligned-center is-layout-flow wp-block-column-is-layout-flow\" style=\"flex-basis:55%\">\n<h2 class=\"wp-block-heading\">Capacitaciones y educaci\u00f3n ambiental<\/h2>\n\n\n\n<p class=\"has-black-color has-text-color has-link-color has-medium-font-size wp-elements-9f9773a3d85c70cec50e22ba5e6e78e2\"><br>La experiencia de nuestro equipo, con m\u00e1s de treinta a\u00f1os haciendo educaci\u00f3n ambiental, nos ha permitido desarrollar programas orientados a diferentes niveles educativos y para todo tipo de entidades p\u00fablicas y privadas. &nbsp;<\/p>\n\n\n\n<p class=\"has-black-color has-text-color has-link-color has-medium-font-size wp-elements-dd44a721d8b3e0cf1aaa043dcd28827d\">Entre otros proyectos educativos, hemos trabajado en los \u00faltimos cinco a\u00f1os con diferentes grupos de mujeres, educ\u00e1ndolas sobre la selecci\u00f3n, clasificaci\u00f3n, disposici\u00f3n y valorizaci\u00f3n de residuos y desechos s\u00f3lidos domiciliares en diferentes partes del pa\u00eds.<br><\/p>\n<\/div>\n<\/div>\n<\/div>\n<\/div>\n\n\n\n<div class=\"wp-block-columns alignwide is-layout-flex wp-container-core-columns-is-layout-9d6595d7 wp-block-columns-is-layout-flex\">\n<div class=\"wp-block-column has-background is-layout-flow wp-block-column-is-layout-flow\" style=\"background-color:#e9e9e9\">\n<div class=\"wp-block-columns is-layout-flex wp-container-core-columns-is-layout-9d6595d7 wp-block-columns-is-layout-flex\">\n<div class=\"wp-block-column is-vertically-aligned-center is-layout-flow wp-block-column-is-layout-flow\" style=\"flex-basis:33.33%\"><div class=\"wp-block-image\">\n<figure class=\"aligncenter size-full\"><img loading=\"lazy\" decoding=\"async\" width=\"125\" height=\"125\" src=\"https:\/\/biosferagt.org\/wp-content\/uploads\/2025\/01\/Recurso-8elementoshjDGF_2024.png\" alt=\"\" class=\"wp-image-92\" srcset=\"https:\/\/biosferagt.org\/wp-content\/uploads\/2025\/01\/Recurso-8elementoshjDGF_2024.png 125w, https:\/\/biosferagt.org\/wp-content\/uploads\/2025\/01\/Recurso-8elementoshjDGF_2024-12x12.png 12w\" sizes=\"auto, (max-width: 125px) 100vw, 125px\" \/><\/figure>\n<\/div><\/div>\n\n\n\n<div class=\"wp-block-column is-vertically-aligned-center is-layout-flow wp-block-column-is-layout-flow\" style=\"flex-basis:55%\">\n<h2 class=\"wp-block-heading\">Programas de conservaci\u00f3n<\/h2>\n\n\n\n<p class=\"has-text-color has-link-color has-medium-font-size wp-elements-2a4549d2fac9f9f0c627a573d1517d04\" style=\"color:#707070\">A trav\u00e9s de alianzas y convenios con otras ONG, empresas y asociaciones, contribuimos con programas de conservaci\u00f3n de ecosistemas y biodiversidad. Apoyamos tambi\u00e9n en la evaluaci\u00f3n y b\u00fasqueda de soluciones en la gesti\u00f3n de residuos y desechos s\u00f3lidos en \u00e1reas protegidas.<\/p>\n<\/div>\n<\/div>\n<\/div>\n<\/div>\n\n\n\n<div class=\"wp-block-columns alignwide is-layout-flex wp-container-core-columns-is-layout-9d6595d7 wp-block-columns-is-layout-flex\">\n<div class=\"wp-block-column has-white-background-color has-background is-layout-flow wp-block-column-is-layout-flow\">\n<div class=\"wp-block-columns is-layout-flex wp-container-core-columns-is-layout-9d6595d7 wp-block-columns-is-layout-flex\">\n<div class=\"wp-block-column is-vertically-aligned-center is-layout-flow wp-block-column-is-layout-flow\" style=\"flex-basis:33.33%\"><div class=\"wp-block-image\">\n<figure class=\"aligncenter size-full\"><img loading=\"lazy\" decoding=\"async\" width=\"126\" height=\"126\" src=\"https:\/\/biosferagt.org\/wp-content\/uploads\/2025\/01\/Recurso-7elementoshjDGF_2024.png\" alt=\"\" class=\"wp-image-91\" srcset=\"https:\/\/biosferagt.org\/wp-content\/uploads\/2025\/01\/Recurso-7elementoshjDGF_2024.png 126w, https:\/\/biosferagt.org\/wp-content\/uploads\/2025\/01\/Recurso-7elementoshjDGF_2024-12x12.png 12w\" sizes=\"auto, (max-width: 126px) 100vw, 126px\" \/><\/figure>\n<\/div><\/div>\n\n\n\n<div class=\"wp-block-column is-vertically-aligned-center is-layout-flow wp-block-column-is-layout-flow\" style=\"flex-basis:55%\">\n<h2 class=\"wp-block-heading\">Calidad de vida, tecnolog\u00edas y seguridad alimentaria<\/h2>\n\n\n\n<p class=\"has-black-color has-text-color has-link-color has-medium-font-size wp-elements-b0c5f5e333567de08595ac2d1df5fd78\">Construimos y administramos la primera planta de transferencia de residuos s\u00f3lidos en la aldea San Antonio Las Flores, Chinautla a la orilla del r\u00edo Las Vacas en Guatemala (2022-2024). Investigamos alternativas de uso para el pl\u00e1stico extra\u00eddo del r\u00edo y realizamos acciones para reducir la contaminaci\u00f3n en la parte media de la cuenca del R\u00edo Motagua, generando adem\u00e1s oportunidades laborales principalmente para mujeres. Con el grupo INGRUP desarrollamos un proyecto de acopio y valorizaci\u00f3n de los pl\u00e1sticos con grupos de mujeres en los departamentos de El Progreso, Santa Rosa y Escuintla. Estas iniciativas han permitido mejorar la calidad de vida de 400 mujeres y sus familias.<\/p>\n\n\n\n<p class=\"has-black-color has-text-color has-link-color has-medium-font-size wp-elements-9ea9de3557edab6b4469dff93e6affdc\"><\/p>\n<\/div>\n<\/div>\n<\/div>\n<\/div>\n\n\n\n<div class=\"wp-block-columns alignwide is-layout-flex wp-container-core-columns-is-layout-9d6595d7 wp-block-columns-is-layout-flex\">\n<div class=\"wp-block-column has-background is-layout-flow wp-block-column-is-layout-flow\" style=\"background-color:#e9e9e9\">\n<div class=\"wp-block-columns is-layout-flex wp-container-core-columns-is-layout-9d6595d7 wp-block-columns-is-layout-flex\">\n<div class=\"wp-block-column is-vertically-aligned-center is-layout-flow wp-block-column-is-layout-flow\" style=\"flex-basis:33.33%\"><div class=\"wp-block-image\">\n<figure class=\"aligncenter size-full\"><img loading=\"lazy\" decoding=\"async\" width=\"122\" height=\"125\" src=\"https:\/\/biosferagt.org\/wp-content\/uploads\/2025\/01\/Recurso-6elementoshjDGF_2024.png\" alt=\"\" class=\"wp-image-90\" srcset=\"https:\/\/biosferagt.org\/wp-content\/uploads\/2025\/01\/Recurso-6elementoshjDGF_2024.png 122w, https:\/\/biosferagt.org\/wp-content\/uploads\/2025\/01\/Recurso-6elementoshjDGF_2024-12x12.png 12w\" sizes=\"auto, (max-width: 122px) 100vw, 122px\" \/><\/figure>\n<\/div><\/div>\n\n\n\n<div class=\"wp-block-column is-vertically-aligned-center is-layout-flow wp-block-column-is-layout-flow\" style=\"flex-basis:55%\">\n<h2 class=\"wp-block-heading\">Planificaci\u00f3n y gesti\u00f3n de proyectos, nacionales e internacionales<\/h2>\n\n\n\n<p class=\"has-text-color has-link-color has-medium-font-size wp-elements-4cf653825a51c91123a983e98d35becb\" style=\"color:#707070\">Hemos participado en proyectos ambientales y socio-culturales importantes a lo largo de nuestra vida como organizaci\u00f3n, recibiendo y brindando apoyo a las iniciativas de diversas entidades p\u00fablicas y privadas nacionales e internacionales. Principalmente en proyectos de gesti\u00f3n de residuos y desechos s\u00f3lidos, y estudios socio econ\u00f3micos.<\/p>\n<\/div>\n<\/div>\n<\/div>\n<\/div>\n\n\n\n<p><\/p>","protected":false},"excerpt":{"rendered":"<p>Investigaci\u00f3n b\u00e1sica y aplicada Realizamos investigaciones b\u00e1sicas y aplicadas en temas ambientales, biodiversidad, salud, seguridad alimentaria y en \u00e1reas socio-culturales. Somos un equipo que prioriza la acci\u00f3n y el desarrollo de proyectos de la mano de las comunidades. Proyectos agropecuarios y zoonosis Con base en el enfoque de Una Sola Salud, buscamos abordar la soluci\u00f3n [&hellip;]<\/p>\n","protected":false},"author":2,"featured_media":75,"parent":0,"menu_order":0,"comment_status":"closed","ping_status":"closed","template":"","meta":{"footnotes":""},"class_list":["post-18","page","type-page","status-publish","has-post-thumbnail","czr-hentry"],"_links":{"self":[{"href":"https:\/\/biosferagt.org\/en\/wp-json\/wp\/v2\/pages\/18","targetHints":{"allow":["GET"]}}],"collection":[{"href":"https:\/\/biosferagt.org\/en\/wp-json\/wp\/v2\/pages"}],"about":[{"href":"https:\/\/biosferagt.org\/en\/wp-json\/wp\/v2\/types\/page"}],"author":[{"embeddable":true,"href":"https:\/\/biosferagt.org\/en\/wp-json\/wp\/v2\/users\/2"}],"replies":[{"embeddable":true,"href":"https:\/\/biosferagt.org\/en\/wp-json\/wp\/v2\/comments?post=18"}],"version-history":[{"count":14,"href":"https:\/\/biosferagt.org\/en\/wp-json\/wp\/v2\/pages\/18\/revisions"}],"predecessor-version":[{"id":127,"href":"https:\/\/biosferagt.org\/en\/wp-json\/wp\/v2\/pages\/18\/revisions\/127"}],"wp:featuredmedia":[{"embeddable":true,"href":"https:\/\/biosferagt.org\/en\/wp-json\/wp\/v2\/media\/75"}],"wp:attachment":[{"href":"https:\/\/biosferagt.org\/en\/wp-json\/wp\/v2\/media?parent=18"}],"curies":[{"name":"wp","href":"https:\/\/api.w.org\/{rel}","templated":true}]}}