{"id":76,"date":"2025-01-08T02:35:08","date_gmt":"2025-01-08T02:35:08","guid":{"rendered":"https:\/\/biosferagt.org\/?page_id=76"},"modified":"2025-01-08T02:50:18","modified_gmt":"2025-01-08T02:50:18","slug":"quienes-somos","status":"publish","type":"page","link":"https:\/\/biosferagt.org\/en\/quienes-somos\/","title":{"rendered":"\u00bfQUI\u00c9NES SOMOS?"},"content":{"rendered":"<h1 class=\"wp-block-heading has-text-align-right has-text-color has-link-color wp-elements-a591aca9a85aaf6d3ddd22f5b6e40e96\" style=\"color:#94bf22\"><strong><em>\u00a1Logrando nuestras metas!<\/em><\/strong><\/h1>\n\n\n\n<div class=\"wp-block-columns alignwide is-layout-flex wp-container-core-columns-is-layout-1 wp-block-columns-is-layout-flex\">\n<div class=\"wp-block-column is-layout-flow wp-block-column-is-layout-flow\" style=\"flex-basis:75%\">\n<p class=\"has-text-color has-link-color has-medium-font-size wp-elements-9b1b2aadcbc0f9489fdef960743f1964\" style=\"color:#606060\">Somos un grupo de profesionales de biolog\u00eda, veterinaria, ciencias sociales y econ\u00f3micas<br>que estamos aportando nuestra experiencia profesional en el desarrollo de proyectos que<br>buscan mejorar el ambiente, las condiciones sociales de las poblaciones con acciones<br>concretas, pero tambi\u00e9n a trav\u00e9s de la investigaci\u00f3n cient\u00edfica.<\/p>\n\n\n\n<p class=\"has-text-color has-link-color has-medium-font-size wp-elements-dd09da18b308cfb81bbc0ec5167a5058\" style=\"color:#606060\">Desarrollamos proyectos multidisciplinarios que permitir\u00e1n contribuir en la disminuci\u00f3n<br>del deterioro ambiental de nuestros cuerpos de agua, mejorar la calidad de vida de los<br>conciudadanos y generar oportunidades laborales en las comunidades.<br><\/p>\n\n\n\n<p class=\"has-text-color has-link-color has-medium-font-size wp-elements-02c322b4f57a783a7d4addfedca18cb0\" style=\"color:#606060\">Con el apoyo local e internacional estamos desarrollando proyectos de educaci\u00f3n<br>ambiental en comunidades urbanas y rurales, trabajamos activamente en la gesti\u00f3n y<br>manejo integral de los desechos y residuos s\u00f3lidos que llegan a los cuerpos de agua y en la<br>investigaci\u00f3n cient\u00edfica relacionada a estos temas.<\/p>\n<\/div>\n\n\n\n<div class=\"wp-block-column is-layout-flow wp-block-column-is-layout-flow\">\n<figure class=\"wp-block-image size-full\"><img loading=\"lazy\" decoding=\"async\" width=\"2825\" height=\"2876\" src=\"https:\/\/biosferagt.org\/wp-content\/uploads\/2025\/01\/LogoBiosferagtFINAL.png\" alt=\"\" class=\"wp-image-10\" srcset=\"https:\/\/biosferagt.org\/wp-content\/uploads\/2025\/01\/LogoBiosferagtFINAL.png 2825w, https:\/\/biosferagt.org\/wp-content\/uploads\/2025\/01\/LogoBiosferagtFINAL-295x300.png 295w, https:\/\/biosferagt.org\/wp-content\/uploads\/2025\/01\/LogoBiosferagtFINAL-1006x1024.png 1006w, https:\/\/biosferagt.org\/wp-content\/uploads\/2025\/01\/LogoBiosferagtFINAL-768x782.png 768w, https:\/\/biosferagt.org\/wp-content\/uploads\/2025\/01\/LogoBiosferagtFINAL-1509x1536.png 1509w, https:\/\/biosferagt.org\/wp-content\/uploads\/2025\/01\/LogoBiosferagtFINAL-2012x2048.png 2012w, https:\/\/biosferagt.org\/wp-content\/uploads\/2025\/01\/LogoBiosferagtFINAL-12x12.png 12w\" sizes=\"auto, (max-width: 2825px) 100vw, 2825px\" \/><\/figure>\n<\/div>\n<\/div>\n\n\n\n<div class=\"wp-block-columns alignfull is-layout-flex wp-container-core-columns-is-layout-3 wp-block-columns-is-layout-flex\">\n<div class=\"wp-block-column has-background is-layout-flow wp-block-column-is-layout-flow\" style=\"background-color:#243611\">\n<div class=\"wp-block-columns is-layout-flex wp-container-core-columns-is-layout-2 wp-block-columns-is-layout-flex\">\n<div class=\"wp-block-column is-vertically-aligned-center is-layout-flow wp-block-column-is-layout-flow\" style=\"flex-basis:15%\"><\/div>\n\n\n\n<div class=\"wp-block-column is-vertically-aligned-center is-layout-flow wp-block-column-is-layout-flow\">\n<h2 class=\"wp-block-heading has-text-color has-link-color wp-elements-2c7d414b5c80e24bd9bdd51e0ea724c3\" style=\"color:#94bf22\">Misi\u00f3n<\/h2>\n\n\n\n<p class=\"has-white-color has-text-color has-link-color wp-elements-fad11632046ceff8e49679ba01936b62\">En este espacio agregamos la Misi\u00f3n de Biosfera gt, n este espacio agregamos la Misi\u00f3n de Biosfera gt, n este espacio agregamos la Misi\u00f3n de Biosfera gt, n este espacio agregamos la Misi\u00f3n de Biosfera gt, n este espacio agregamos la Misi\u00f3n de Biosfera gt, n este espacio agregamos la Misi\u00f3n de Biosfera gt, n este espacio agregamos la Misi\u00f3n de Biosfera gt, n este espacio agregamos la Misi\u00f3n de Biosfera gt, n este espacio agregamos la Misi\u00f3n de Biosfera gt, n este espacio agregamos la Misi\u00f3n de Biosfera gt, n este espacio agregamos la Misi\u00f3n de Biosfera gt, n este espacio agregamos la Misi\u00f3n de Biosfera gt, n este espacio agregamos la Misi\u00f3n de Biosfera gt.<\/p>\n<\/div>\n\n\n\n<div class=\"wp-block-column is-layout-flow wp-block-column-is-layout-flow\" style=\"flex-basis:5%\">\n<figure class=\"wp-block-image size-full\"><img loading=\"lazy\" decoding=\"async\" width=\"10\" height=\"238\" src=\"https:\/\/biosferagt.org\/wp-content\/uploads\/2025\/01\/Recurso-5elementoshjDGF_2024.png\" alt=\"\" class=\"wp-image-83\" style=\"object-fit:cover\"\/><\/figure>\n<\/div>\n\n\n\n<div class=\"wp-block-column is-vertically-aligned-center is-layout-flow wp-block-column-is-layout-flow\">\n<h2 class=\"wp-block-heading has-text-color has-link-color wp-elements-1c561e2daa36c91de3c6759460d5235e\" style=\"color:#94bf22\">Visi\u00f3n<\/h2>\n\n\n\n<p class=\"has-white-color has-text-color has-link-color wp-elements-a2d1c59f9bf4197f50fc15c2517da8de\">En este espacio agregamos la Visi\u00f3n de Biosfera gt, en este espacio agregamos la Visi\u00f3n de Biosfera gt,en este espacio agregamos la Visi\u00f3n de Biosfera gt,en este espacio agregamos la Visi\u00f3n de Biosfera gt,en este espacio agregamos la Visi\u00f3n de Biosfera gt,en este espacio agregamos la Visi\u00f3n de Biosfera gt,en este espacio agregamos la Visi\u00f3n de Biosfera gt,en este espacio agregamos la Visi\u00f3n de Biosfera gt,en este espacio agregamos la Visi\u00f3n de Biosfera gt,en este espacio agregamos la Visi\u00f3n de Biosfera gt,en este espacio agregamos la Visi\u00f3n de Biosfera gt,en este espacio agregamos la Visi\u00f3n de Biosfera gt.<\/p>\n<\/div>\n\n\n\n<div class=\"wp-block-column is-layout-flow wp-block-column-is-layout-flow\" style=\"flex-basis:15%\"><\/div>\n<\/div>\n<\/div>\n<\/div>","protected":false},"excerpt":{"rendered":"<p>\u00a1Logrando nuestras metas! Somos un grupo de profesionales de biolog\u00eda, veterinaria, ciencias sociales y econ\u00f3micasque estamos aportando nuestra experiencia profesional en el desarrollo de proyectos quebuscan mejorar el ambiente, las condiciones sociales de las poblaciones con accionesconcretas, pero tambi\u00e9n a trav\u00e9s de la investigaci\u00f3n cient\u00edfica. Desarrollamos proyectos multidisciplinarios que permitir\u00e1n contribuir en la disminuci\u00f3ndel deterioro [&hellip;]<\/p>","protected":false},"author":2,"featured_media":0,"parent":0,"menu_order":0,"comment_status":"closed","ping_status":"closed","template":"","meta":{"footnotes":""},"class_list":["post-76","page","type-page","status-publish","czr-hentry"],"_links":{"self":[{"href":"https:\/\/biosferagt.org\/en\/wp-json\/wp\/v2\/pages\/76","targetHints":{"allow":["GET"]}}],"collection":[{"href":"https:\/\/biosferagt.org\/en\/wp-json\/wp\/v2\/pages"}],"about":[{"href":"https:\/\/biosferagt.org\/en\/wp-json\/wp\/v2\/types\/page"}],"author":[{"embeddable":true,"href":"https:\/\/biosferagt.org\/en\/wp-json\/wp\/v2\/users\/2"}],"replies":[{"embeddable":true,"href":"https:\/\/biosferagt.org\/en\/wp-json\/wp\/v2\/comments?post=76"}],"version-history":[{"count":3,"href":"https:\/\/biosferagt.org\/en\/wp-json\/wp\/v2\/pages\/76\/revisions"}],"predecessor-version":[{"id":84,"href":"https:\/\/biosferagt.org\/en\/wp-json\/wp\/v2\/pages\/76\/revisions\/84"}],"wp:attachment":[{"href":"https:\/\/biosferagt.org\/en\/wp-json\/wp\/v2\/media?parent=76"}],"curies":[{"name":"wp","href":"https:\/\/api.w.org\/{rel}","templated":true}]}}